{"id":242,"date":"2020-12-08T12:23:23","date_gmt":"2020-12-08T10:23:23","guid":{"rendered":"https:\/\/fein.psdev.lv\/?page_id=242"},"modified":"2022-02-17T11:48:17","modified_gmt":"2022-02-17T09:48:17","slug":"privatuma-politika","status":"publish","type":"page","link":"https:\/\/fein.otatuote.com\/lv\/privatuma-politika\/","title":{"rendered":"Priv\u0101tuma politika"},"content":{"rendered":"<h4>VISP\u0100R\u0112JI NOTEIKUMI<\/h4>\n<p>\u00abOta-Tuote Oy\u00bb (turpm\u0101k tekst\u0101 &#8211; \u00abUz\u0146\u0113mums\u00bb vai \u00abEs\u00bb) ap\u0146emas saglab\u0101t tai piedero\u0161\u0101s personisk\u0101s inform\u0101cijas konfidencialit\u0101ti un datus. \u0160is priv\u0101tuma pazi\u0146ojums tiek piem\u0113rots personiskajiem datiem, kurus m\u0113s iev\u0101cam no m\u016bsu klientu re\u0123istra (turpm\u0101k tekst\u0101 &#8211; \u00abRe\u0123istrs\u00bb). \u0160aj\u0101 priv\u0101tuma pazi\u0146ojum\u0101 ir aprakst\u012bta t\u0101 personisk\u0101 inform\u0101cija, kurus m\u0113s iev\u0101cam un k\u0101 m\u0113s ar to r\u012bkojamies. S\u012bk\u0101kai inform\u0101cijai par j\u016bsu personas datu apstr\u0101di, l\u016bdzam sazin\u0101ties ar mums, rakstot e-pastu uz <a href=\"ma&#105;&#108;&#x74;&#x6f;&#x3a;&#x69;nf&#111;&#64;&#x6f;&#x74;&#x61;&#x74;uo&#116;&#101;&#46;&#x66;&#x69;\">&#x69;&#110;&#102;&#x6f;&#x40;&#111;&#116;&#x61;&#x74;&#117;&#111;&#x74;&#x65;&#46;&#102;&#x69;<\/a>.<\/p>\n<p>Laiku pa laikam m\u0113s varam atjaunot \u0161o priv\u0101tuma pazi\u0146ojumu, piem\u0113ram, ja tiek main\u012bta likumdo\u0161ana. M\u0113s cen\u0161amies izmantot sapr\u0101t\u012bgus l\u012bdzek\u013cus, lai iepriek\u0161 pazi\u0146otu jums par jebk\u0101d\u0101m izmai\u0146\u0101m un to ietekmi. M\u0113s iesak\u0101m p\u0101rskat\u012bt \u0161o priv\u0101tuma pazi\u0146ojumu p\u0113c jebk\u0101das inform\u0101cijas sa\u0146em\u0161anas par j\u016bsu veiktaj\u0101m izmai\u0146\u0101m. \u0160is priv\u0101tuma pazi\u0146ojums p\u0113d\u0113jo reizi tika atjaunots 2022. gada 3. febru\u0101r\u012b.<\/p>\n<h4>RE\u0122ISTR\u0112T\u0100JS<\/h4>\n<p><strong>Nosaukums:<\/strong> \u00abOta-Tuote Oy\u00bb<\/p>\n<p><strong>Adrese:<\/strong> H\u00e4meentie 155 B, 00560 Helsinki, Somija<\/p>\n<p><strong>T\u0101lrunis:<\/strong> +358 9 5499 2400<\/p>\n<p><strong>Uz\u0146\u0113muma ID:<\/strong> FI03002925<\/p>\n<h4>K\u0100DI PERSONAS DATI TIEK SAV\u0100KTI?<\/h4>\n<p>Sav\u0101 Re\u0123istr\u0101 m\u0113s apkopojam inform\u0101ciju par uz\u0146\u0113muma p\u0101rst\u0101vjiem.<\/p>\n<h4>K\u0100DA TIPA PERSONAS DATI TIEK APKOPOTI?<\/h4>\n<p>Re\u0123istr\u0101 m\u0113s apstr\u0101d\u0101sim \u0161\u0101du personisko inform\u0101ciju:<\/p>\n<p>Pamata:<\/p>\n<ul>\n<li>V\u0101rds un uzv\u0101rds;<\/li>\n<li>Uz\u0146\u0113mum\u0101 ie\u0146emamais amats;<\/li>\n<li>T\u0101lrunis vai mobilais t\u0101lru\u0146a numurs;<\/li>\n<li>E-pasta adrese;<\/li>\n<li>Citu identific\u0113jo\u0161u inform\u0101ciju m\u016bsu klientu apkalpo\u0161anai.<\/li>\n<\/ul>\n<h4>NO K\u0100DA AVOTA TIEK IEG\u016aTI M\u016aSU PERSONAS DATI?<\/h4>\n<p>M\u0113s apkopojam personisko inform\u0101ciju, galvenok\u0101rt, tie\u0161i no klienta k\u0101 biznesa kontaktpersonas.<\/p>\n<h4>PERSONAS DATU APSTR\u0100DES PAMATS, IZMANTO\u0160ANA UN IETEKME<\/h4>\n<p>Personas datu apstr\u0101des m\u0113r\u0137is ir p\u0101rvald\u012bt un uztur\u0113t klienta vai partnera attiec\u012bbas starp klientu vai apkalpo\u0161anas uz\u0146\u0113mumu, ko p\u0101rst\u0101v re\u0123istr\u0113tais a\u0123ents un Uz\u0146\u0113mums. Apstr\u0101d\u0101jot j\u016bsu personisko inform\u0101ciju, m\u0113s varam jums kalpot lab\u0101k. Personisk\u0101s inform\u0101cijas apstr\u0101de neietekm\u0113s j\u016bs nevien\u0101 cit\u0101 veid\u0101.<\/p>\n<h4>AT\u013bAUTA PERSONAS DATU P\u0100RS\u016aT\u012a\u0160ANA TRE\u0160AJ\u0100M PERSON\u0100M<\/h4>\n<p>M\u016bsu partneri un apak\u0161uz\u0146\u0113m\u0113ji var apstr\u0101d\u0101t j\u016bsu personisko inform\u0101ciju tikai dar\u012bjumiem, kurus var veikt, lai uztur\u0113tu m\u016bsu attiec\u012bbas ar klientiem. M\u0113s varam nodot j\u016bsu personisko inform\u0101ciju tre\u0161aj\u0101m person\u0101m, kas iesaist\u012btas pakalpojumu snieg\u0161an\u0101, piem\u0113ram, partneriem un apak\u0161uz\u0146\u0113m\u0113jiem, piem\u0113ram:<\/p>\n<ul>\n<li>Inform\u0101cijas un sakaru sist\u0113mu nodro\u0161in\u0101t\u0101jiem;<\/li>\n<li>Finan\u0161u un maks\u0101jumu pakalpojumu sniedz\u0113jiem;<\/li>\n<li>Drukas pakalpojumu nodro\u0161in\u0101t\u0101jiem;<\/li>\n<li>Lo\u0123istikas pakalpojumu nodro\u0161in\u0101t\u0101jiem.<\/li>\n<\/ul>\n<p>M\u0113s vienm\u0113r p\u0101rliecin\u0101mies par to, ka m\u016bsu fili\u0101les neapstr\u0101d\u0101 personas datus citiem m\u0113r\u0137iem.<\/p>\n<h4>PERSONAS DATI, KAS NOS\u016aT\u012aTI \u0100RPUS ES VAI EIROPAS EKONOMIKAS ZONAS<\/h4>\n<p>M\u016bsu klientu re\u0123istrs tiek apstr\u0101d\u0101ts tikai Somij\u0101, un m\u0113s nesniedzam inform\u0101ciju \u0101rpus ES.<\/p>\n<h4>PERSONAS DATU GLAB\u0100\u0160ANAS PRINCIPI<\/h4>\n<p>J\u016bsu personisk\u0101s\u0101 inform\u0101cijas saglab\u0101\u0161anas pamat\u0101 ir klienta vai partner\u012bbas attiec\u012bbu der\u012bgums.<\/p>\n<p>Uz\u0146\u0113mums \u00abOta-Tuote Oy\u00bb saglab\u0101 inform\u0101ciju saska\u0146\u0101 ar piem\u0113rojamaj\u0101m ties\u012bbu aktos noteiktaj\u0101m un \u0113tiskaj\u0101m zi\u0146o\u0161anas pras\u012bb\u0101m un dokumentu glab\u0101\u0161anas pras\u012bb\u0101m.<\/p>\n<h4>TIES\u012aBAS\u00a0SAIST\u012aB\u0100 AR RE\u0122ISTR\u0112TU PERSONAS DATU APSTR\u0100DI<\/h4>\n<p>Jums ir ties\u012bbas jebkur\u0101 laik\u0101 izmantot piem\u0113rojamos datu aizsardz\u012bbas ties\u012bbu aktus:<\/p>\n<ul>\n<li>ieg\u016bt piek\u013cuvi saviem personas datiem;<\/li>\n<li>ieg\u016bt piek\u013cuvi savai personiskajai inform\u0101cijai un p\u0101rbaud\u012bt personas datus, ar kuriem m\u0113s darbojamies;<\/li>\n<li>Piepras\u012bt neprec\u012bzu un nepareizu personas datu labo\u0161anu un papildin\u0101\u0161anu;<\/li>\n<li>piepras\u012bt savas personisk\u0101s inform\u0101cijas izdz\u0113\u0161anu;<\/li>\n<li>iebilst pret j\u016bsu personas datu apstr\u0101di, pamatojoties uz j\u016bsu person\u012bgo situ\u0101ciju, cikt\u0101l j\u016bsu personas dati tiek uzskat\u012bti par le\u0123it\u012bmu privil\u0113\u0123iju (piem\u0113ram, tie\u0161ais m\u0101rketings);<\/li>\n<li>piepras\u012bt savas personisk\u0101s inform\u0101cijas ierobe\u017eo\u0161anu.<\/li>\n<\/ul>\n<p>Jums ir j\u0101iesniedz piepras\u012bjums \u012bstenot iepriek\u0161 min\u0113t\u0101s ties\u012bbas saska\u0146\u0101 ar \u0161o priv\u0101tuma pazi\u0146ojumu. Pirms piepras\u012bjuma apstr\u0101des varam l\u016bgt j\u016bs nor\u0101d\u012btu savu piepras\u012bjumu rakstiski un p\u0101rbaud\u012bt j\u016bsu identit\u0101ti. Varam atteikties izpild\u012bt j\u016bsu pras\u012bbu, pamatojoties uz piem\u0113rojamiem ties\u012bbu aktiem.<\/p>\n<p>Jums vienm\u0113r ir ties\u012bbas v\u0113rsties kompetentaj\u0101 uzraudz\u012bbas iest\u0101d\u0113 vai t\u0101s ES dal\u012bbvalsts uzraudz\u012bbas iest\u0101d\u0113, kur\u0101 atrodas j\u016bsu dz\u012bvesvieta vai darbs, ja uzskat\u0101t, ka m\u0113s neesam apstr\u0101d\u0101ju\u0161i j\u016bsu personas datus saska\u0146\u0101 ar datu aizsardz\u012bbas ties\u012bbu aktiem.<\/p>\n<h4>RE\u0122ISTRA DATU AIZSARDZ\u012aBAS PRINCIPI<\/h4>\n<p>M\u0113s cien\u0101m j\u016bsu personisk\u0101s inform\u0101cijas konfidencialit\u0101ti. Materi\u0101li pap\u012br\u0101 form\u0101t\u0101 tiek glab\u0101ti aizsl\u0113gt\u0101 viet\u0101, kas ir pieejama tikai person\u0101m savu pien\u0101kumu izpildei. Digit\u0101li apstr\u0101d\u0101ti personas dati tiek glab\u0101ti m\u016bsu inform\u0101cijas sist\u0113m\u0101, kas ir pieejama tikai person\u0101m, kur\u0101m \u0161\u012b inform\u0101cija ir nepiecie\u0161ama, lai pild\u012btu savus pien\u0101kumus. \u0160\u012bm person\u0101m ir piek\u013cuve \u0161ai inform\u0101cijai, izmantojot personas lietot\u0101jv\u0101rdus un paroles.<\/p>\n<p>Personas datu apstr\u0101dei un piek\u013cuvei klientu re\u0123istram, uz\u0146\u0113muma \u00abOta-Tuote Oy\u00bb darbiniekiem ir nepiecie\u0161ams personas lietot\u0101jv\u0101rds un parole. Lietot\u0101jv\u0101rds un parole tiek izsniegta, pamatojoties uz izsniegtu at\u013cauju. Piek\u013cuves ties\u012bbas nosaka par Re\u0123istru atbild\u012bg\u0101 persona kop\u0101 ar inform\u0101cijas sist\u0113mas administratoru. Dati ir aizsarg\u0101ti pret t\u012b\u0161u un net\u012b\u0161u izn\u012bcin\u0101\u0161anu. Iek\u0161t\u012bkla datu savienojumi ir ieviesti sl\u0113gt\u0101 t\u012bkl\u0101. \u0100r\u0113jos savienojumus aizsarg\u0101 ugunsm\u016bri.<\/p>\n<p>M\u0113s aizsarg\u0101jam m\u016bsu personas datus, kas tiek nodoti tre\u0161aj\u0101m person\u0101m, ierobe\u017eojot piek\u013cuvi inform\u0101cijai, izmantojot pieejamos l\u012bdzek\u013cus. Piek\u013cuves ties\u012bbas datu apstr\u0101dei tre\u0161\u0101s puses sist\u0113m\u0101 ir j\u0101nodro\u0161ina tikai, pamatojoties uz vajadz\u012bb\u0101m.<\/p>\n<h4>DIGIT\u0100LIE MEDIJI UN M\u0100RKETINGS<\/h4>\n<p>Sav\u0101 m\u0101jaslap\u0101 un soci\u0101lajos medijos m\u0113s izmantojam s\u012bkdatnes, lai piel\u0101gotu saturu un analiz\u0113tu datpl\u016bsmu. \u0160\u012bs s\u012bkdatnes v\u0101c un pazi\u0146o par inform\u0101ciju piln\u012bgi anon\u012bmi, un datus nevar identific\u0113t nevienai personai. Soci\u0101lo mediju, rekl\u0101mas un anal\u012btikas operatori var apvienot \u0161o inform\u0101ciju ar citu inform\u0101ciju, ko esat tiem sniedzis vai kas ir sav\u0101kta p\u0113c tam, kad esat izmantoju\u0161i to pakalpojumus.<\/p>\n<h4>KONTAKTI<\/h4>\n<p>Piepras\u012bjumi par piek\u013cuvi iepriek\u0161 min\u0113taj\u0101m ties\u012bb\u0101m, jaut\u0101jumi par \u0161o priv\u0101tuma pazi\u0146ojumu vai citi vaic\u0101jumi un piepras\u012bjumi j\u0101s\u016bta uz <a href=\"&#109;&#x61;&#x69;&#108;&#x74;&#x6f;:&#x69;&#x6e;f&#111;&#x40;o&#116;&#x61;t&#117;&#x6f;t&#101;&#x2e;f&#105;\">&#x69;&#x6e;&#x66;&#x6f;&#x40;&#x6f;&#x74;&#x61;&#x74;&#x75;&#x6f;&#116;&#101;&#46;&#102;&#105;<\/a> vai j\u0101zvana pa t\u0101lruni +358 9 5499 2400.<\/p>\n","protected":false},"excerpt":{"rendered":"<p>VISP\u0100R\u0112JI NOTEIKUMI \u00abOta-Tuote Oy\u00bb (turpm\u0101k tekst\u0101 &#8211; \u00abUz\u0146\u0113mums\u00bb vai \u00abEs\u00bb) ap\u0146emas saglab\u0101t tai piedero\u0161\u0101s personisk\u0101s inform\u0101cijas konfidencialit\u0101ti un datus. \u0160is priv\u0101tuma pazi\u0146ojums tiek piem\u0113rots personiskajiem datiem, kurus m\u0113s iev\u0101cam no m\u016bsu klientu re\u0123istra (turpm\u0101k tekst\u0101 &#8211; \u00abRe\u0123istrs\u00bb). \u0160aj\u0101 priv\u0101tuma pazi\u0146ojum\u0101 ir aprakst\u012bta t\u0101 personisk\u0101 inform\u0101cija, kurus m\u0113s iev\u0101cam un k\u0101 m\u0113s ar to r\u012bkojamies. S\u012bk\u0101kai [&hellip;]<\/p>\n","protected":false},"author":1,"featured_media":0,"parent":0,"menu_order":0,"comment_status":"closed","ping_status":"closed","template":"","meta":{"_acf_changed":false,"footnotes":""},"class_list":["post-242","page","type-page","status-publish","hentry"],"acf":[],"aioseo_notices":[],"_links":{"self":[{"href":"https:\/\/fein.otatuote.com\/lv\/wp-json\/wp\/v2\/pages\/242","targetHints":{"allow":["GET"]}}],"collection":[{"href":"https:\/\/fein.otatuote.com\/lv\/wp-json\/wp\/v2\/pages"}],"about":[{"href":"https:\/\/fein.otatuote.com\/lv\/wp-json\/wp\/v2\/types\/page"}],"author":[{"embeddable":true,"href":"https:\/\/fein.otatuote.com\/lv\/wp-json\/wp\/v2\/users\/1"}],"replies":[{"embeddable":true,"href":"https:\/\/fein.otatuote.com\/lv\/wp-json\/wp\/v2\/comments?post=242"}],"version-history":[{"count":4,"href":"https:\/\/fein.otatuote.com\/lv\/wp-json\/wp\/v2\/pages\/242\/revisions"}],"predecessor-version":[{"id":276,"href":"https:\/\/fein.otatuote.com\/lv\/wp-json\/wp\/v2\/pages\/242\/revisions\/276"}],"wp:attachment":[{"href":"https:\/\/fein.otatuote.com\/lv\/wp-json\/wp\/v2\/media?parent=242"}],"curies":[{"name":"wp","href":"https:\/\/api.w.org\/{rel}","templated":true}]}}